{"id":2463,"date":"2019-12-30T11:37:04","date_gmt":"2019-12-30T11:37:04","guid":{"rendered":"https:\/\/health.rivexcel.com\/services\/prendre-un-rendez-vous-2\/"},"modified":"2023-06-05T19:58:36","modified_gmt":"2023-06-05T19:58:36","slug":"prendre-un-rendez-vous-2","status":"publish","type":"page","link":"https:\/\/health.rivexcelgroup.com\/fr\/services\/prendre-un-rendez-vous-2\/","title":{"rendered":"Prendre un rendez-vous"},"content":{"rendered":"<p><section data-bb-version=\"4.5.5\" id=\"bt_bb_section69f6dff3a3a62\" class=\"bt_bb_section bt_bb_layout_boxed_1200 bt_bb_vertical_align_top bt_bb_bottom_section_coverage_image bt_bb_section_with_bottom_coverage_image bt_bb_top_spacing_medium bt_bb_bottom_spacing_none\" style=\";background-color:rgb(120,207,205);\" data-bt-override-class=\"{&quot;bt_bb_top_spacing_&quot;:{&quot;current_class&quot;:&quot;bt_bb_top_spacing_medium&quot;,&quot;def&quot;:&quot;medium&quot;},&quot;bt_bb_bottom_spacing_&quot;:{&quot;current_class&quot;:&quot;bt_bb_bottom_spacing_none&quot;,&quot;def&quot;:&quot;none&quot;}}\"><div class=\"bt_bb_port\"><div class=\"bt_bb_cell\"><div class=\"bt_bb_cell_inner\"><div class=\"bt_bb_row \"  data-bt-override-class=\"{}\"><div class=\"bt_bb_row_holder\" ><div  class=\"bt_bb_column col-xxl-6 col-xl-6 bt_bb_vertical_align_bottom bt_bb_align_left bt_bb_padding_normal\"  data-width=\"6\" data-bt-override-class=\"{}\"><div class=\"bt_bb_column_content\"><div class=\"bt_bb_separator bt_bb_border_style_none bt_bb_bottom_spacing_medium\" data-bt-override-class=\"null\"><\/div><header data-bb-version=\"4.5.5\" class=\"bt_bb_headline bt_bb_font_weight_bold bt_bb_subheadline_text_transform_default bt_bb_color_scheme_11 bt_bb_dash_none bt_bb_size_huge bt_bb_align_inherit bt_bb_dash_type_none\" style=\"; --primary-color:#ffffff; --secondary-color:#333c4a;\" data-bt-override-class=\"{&quot;bt_bb_size_&quot;:{&quot;current_class&quot;:&quot;bt_bb_size_huge&quot;,&quot;def&quot;:&quot;huge&quot;},&quot;bt_bb_align_&quot;:{&quot;current_class&quot;:&quot;bt_bb_align_inherit&quot;,&quot;def&quot;:&quot;inherit&quot;}}\"><h1 class=\"bt_bb_headline_tag\"><span class=\"bt_bb_headline_content\"><span><small>Contact<\/small><br \/><br \/>\n<s>Nous<\/s><\/span><\/span><\/h1><\/header><div class=\"bt_bb_separator bt_bb_border_style_none bt_bb_bottom_spacing_large\" data-bt-override-class=\"null\"><\/div><\/div><\/div><div  class=\"bt_bb_column col-xxl-6 col-xl-6 bt_bb_vertical_align_bottom bt_bb_align_center bt_bb_padding_normal bt_bb_animation_fade_in move_up animate\" style=\"position: relative;\" data-width=\"6\" data-bt-override-class=\"{}\"><div class=\"bt_bb_column_content\"><div data-bb-version=\"4.5.5\" class=\"bt_bb_image bt_bb_shape_square bt_bb_target_self bt_bb_align_inherit bt_bb_hover_style_simple bt_bb_content_display_always bt_bb_content_align_middle\" style=\"max-width: 560px;\" data-bt-override-class=\"{&quot;bt_bb_align_&quot;:{&quot;current_class&quot;:&quot;bt_bb_align_inherit&quot;,&quot;def&quot;:&quot;inherit&quot;}}\"><span><img fetchpriority=\"high\" decoding=\"async\" width=\"1024\" height=\"683\" src=\"https:\/\/health.rivexcelgroup.com\/wp-content\/uploads\/2023\/04\/portrait-successful-young-doctor-showing-thumbs-up-removebg-1-1.png\" class=\"attachment-full size-full\" alt=\"https:\/\/health.rivexcelgroup.com\/wp-content\/uploads\/2023\/04\/portrait-successful-young-doctor-showing-thumbs-up-removebg-1-1.png\" data-full_image_src=\"https:\/\/health.rivexcelgroup.com\/wp-content\/uploads\/2023\/04\/portrait-successful-young-doctor-showing-thumbs-up-removebg-1-1.png\" title=\"portrait-successful-young-doctor-showing-thumbs-up-removebg (1) (1)\" loading=\"eager\" srcset=\"https:\/\/health.rivexcelgroup.com\/wp-content\/uploads\/2023\/04\/portrait-successful-young-doctor-showing-thumbs-up-removebg-1-1.png 1024w, https:\/\/health.rivexcelgroup.com\/wp-content\/uploads\/2023\/04\/portrait-successful-young-doctor-showing-thumbs-up-removebg-1-1-600x400.png 600w, https:\/\/health.rivexcelgroup.com\/wp-content\/uploads\/2023\/04\/portrait-successful-young-doctor-showing-thumbs-up-removebg-1-1-640x427.png 640w, https:\/\/health.rivexcelgroup.com\/wp-content\/uploads\/2023\/04\/portrait-successful-young-doctor-showing-thumbs-up-removebg-1-1-768x512.png 768w, https:\/\/health.rivexcelgroup.com\/wp-content\/uploads\/2023\/04\/portrait-successful-young-doctor-showing-thumbs-up-removebg-1-1-320x213.png 320w\" sizes=\"(max-width: 1024px) 100vw, 1024px\" \/><\/span><\/div><div class=\"bt_bb_floating_image bt_bb_floating_image_horizontal_position_center bt_bb_floating_image_vertical_position_bottom bt_bb_floating_image_animation_delay_default bt_bb_floating_image_animation_duration_default bt_bb_floating_image_animation_style_ease_out\" style=\"max-width: 520px;\" data-speed=\"1.0\"><div class=\"bt_bb_floating_image_image\" data-speed=\"1.0\"><div class=\"bt_bb_image\" data-bt-override-class=\"{}\"><span><img decoding=\"async\" width=\"931\" height=\"942\" src=\"https:\/\/health.rivexcelgroup.com\/wp-content\/uploads\/2020\/04\/floater-1.png\" class=\"attachment-full size-full\" alt=\"https:\/\/health.rivexcelgroup.com\/wp-content\/uploads\/2020\/04\/floater-1.png\" data-full_image_src=\"https:\/\/health.rivexcelgroup.com\/wp-content\/uploads\/2020\/04\/floater-1.png\" title=\"floater-1\" loading=\"eager\" srcset=\"https:\/\/health.rivexcelgroup.com\/wp-content\/uploads\/2020\/04\/floater-1.png 931w, https:\/\/health.rivexcelgroup.com\/wp-content\/uploads\/2020\/04\/floater-1-100x100.png 100w, https:\/\/health.rivexcelgroup.com\/wp-content\/uploads\/2020\/04\/floater-1-600x607.png 600w, https:\/\/health.rivexcelgroup.com\/wp-content\/uploads\/2020\/04\/floater-1-640x648.png 640w, https:\/\/health.rivexcelgroup.com\/wp-content\/uploads\/2020\/04\/floater-1-768x777.png 768w, https:\/\/health.rivexcelgroup.com\/wp-content\/uploads\/2020\/04\/floater-1-320x324.png 320w\" sizes=\"(max-width: 931px) 100vw, 931px\" \/><\/span><\/div><\/div><\/div><\/div><\/div><\/div><\/div><\/div><!-- cell_inner --><\/div><!-- cell --><\/div><!-- port --><div class=\"bt_bb_section_bottom_section_coverage_image\"><img decoding=\"async\" src=\"https:\/\/health.rivexcelgroup.com\/wp-content\/uploads\/2020\/01\/bottom-cover-2.png\" alt=\"bt_bb_section_bottom_section_coverage_image\" \/><\/div><\/section><section id=\"bt_bb_section69f6dff3a47e8\" class=\"bt_bb_section bt_bb_layout_boxed_1200 bt_bb_vertical_align_top bt_bb_top_spacing_large bt_bb_bottom_spacing_large\"  data-bt-override-class=\"null\"><div class=\"bt_bb_port\"><div class=\"bt_bb_cell\"><div class=\"bt_bb_cell_inner\"><div class=\"bt_bb_row  bt_bb_column_gap_60\" style=\"; --column-gap:60px;\" data-bt-override-class=\"{}\"><div class=\"bt_bb_row_holder\" ><div  class=\"bt_bb_column col-xxl-8 col-xl-8 bt_bb_vertical_align_top bt_bb_align_left bt_bb_padding_normal bt_bb_animation_fade_in animate\" style=\"border-right: 1px solid rgba(34,34,34,.1);\" data-width=\"8\" data-bt-override-class=\"{}\"><div class=\"bt_bb_column_content\"><header data-bb-version=\"4.5.5\" class=\"bt_bb_headline bt_bb_font_weight_bolder bt_bb_subheadline_text_transform_default bt_bb_color_scheme_3 bt_bb_dash_none bt_bb_size_extralarge bt_bb_align_inherit bt_bb_dash_type_none\" style=\"; --primary-color:#78cfcd; --secondary-color:#191919;\" data-bt-override-class=\"{&quot;bt_bb_size_&quot;:{&quot;current_class&quot;:&quot;bt_bb_size_extralarge&quot;,&quot;def&quot;:&quot;extralarge&quot;},&quot;bt_bb_align_&quot;:{&quot;current_class&quot;:&quot;bt_bb_align_inherit&quot;,&quot;def&quot;:&quot;inherit&quot;}}\"><h1 class=\"bt_bb_headline_tag\"><span class=\"bt_bb_headline_content\"><span><small>Laissez vos coordonn\u00e9es ci-dessous<\/small><br \/><br \/>\nEt nous reviendrons vers vous<\/span><\/span><\/h1><\/header><div class=\"bt_bb_separator bt_bb_border_style_none bt_bb_top_spacing_small bt_bb_bottom_spacing_extra_small\" data-bt-override-class=\"null\"><\/div><div  class=\"bt_bb_text\" ><\/div><div class=\"bt_bb_separator bt_bb_border_style_none bt_bb_top_spacing_normal\" data-bt-override-class=\"null\"><\/div><div data-bb-version=\"4.5.6\" class=\"bt_bb_contact_form_7\">\n<div class=\"wpcf7 no-js\" id=\"wpcf7-f7-o1\" lang=\"en-US\" dir=\"ltr\" data-wpcf7-id=\"7\">\n<div class=\"screen-reader-response\"><p role=\"status\" aria-live=\"polite\" aria-atomic=\"true\"><\/p> <ul><\/ul><\/div>\n<form action=\"\/fr\/wp-json\/wp\/v2\/pages\/2463#wpcf7-f7-o1\" method=\"post\" class=\"wpcf7-form init\" aria-label=\"Contact form\" novalidate=\"novalidate\" data-status=\"init\">\n<fieldset class=\"hidden-fields-container\"><input type=\"hidden\" name=\"_wpcf7\" value=\"7\" \/><input type=\"hidden\" name=\"_wpcf7_version\" value=\"6.1.5\" \/><input type=\"hidden\" name=\"_wpcf7_locale\" value=\"en_US\" \/><input type=\"hidden\" name=\"_wpcf7_unit_tag\" value=\"wpcf7-f7-o1\" \/><input type=\"hidden\" name=\"_wpcf7_container_post\" value=\"0\" \/><input type=\"hidden\" name=\"_wpcf7_posted_data_hash\" value=\"\" \/>\n<\/fieldset>\n<p><label> Your name<br \/>\n<span class=\"wpcf7-form-control-wrap\" data-name=\"your-name\"><input size=\"40\" maxlength=\"400\" class=\"wpcf7-form-control wpcf7-text wpcf7-validates-as-required\" autocomplete=\"name\" aria-required=\"true\" aria-invalid=\"false\" value=\"\" type=\"text\" name=\"your-name\" \/><\/span> <\/label>\n<\/p>\n<p><label> Your email<br \/>\n<span class=\"wpcf7-form-control-wrap\" data-name=\"your-email\"><input size=\"40\" maxlength=\"400\" class=\"wpcf7-form-control wpcf7-email wpcf7-validates-as-required wpcf7-text wpcf7-validates-as-email\" autocomplete=\"email\" aria-required=\"true\" aria-invalid=\"false\" value=\"\" type=\"email\" name=\"your-email\" \/><\/span> <\/label>\n<\/p>\n<p><label> Subject<br \/>\n<span class=\"wpcf7-form-control-wrap\" data-name=\"your-subject\"><input size=\"40\" maxlength=\"400\" class=\"wpcf7-form-control wpcf7-text wpcf7-validates-as-required\" aria-required=\"true\" aria-invalid=\"false\" value=\"\" type=\"text\" name=\"your-subject\" \/><\/span> <\/label>\n<\/p>\n<p><label> Your message (optional)<br \/>\n<span class=\"wpcf7-form-control-wrap\" data-name=\"your-message\"><textarea cols=\"40\" rows=\"10\" maxlength=\"2000\" class=\"wpcf7-form-control wpcf7-textarea\" aria-invalid=\"false\" name=\"your-message\"><\/textarea><\/span> <\/label>\n<\/p>\n<p><input class=\"wpcf7-form-control wpcf7-submit has-spinner\" type=\"submit\" value=\"Submit\" \/>\n<\/p><div class=\"wpcf7-response-output\" aria-hidden=\"true\"><\/div>\n<\/form>\n<\/div>\n<\/div><div class=\"bt_bb_separator bt_bb_border_style_none bt_bb_top_spacing_medium bt_bb_hidden_md bt_bb_hidden_lg\" data-bt-override-class=\"null\"><\/div><\/div><\/div><div  class=\"bt_bb_column col-xxl-4 col-xl-4 bt_bb_vertical_align_middle bt_bb_align_left bt_bb_padding_normal bt_bb_animation_fade_in animate\"  data-width=\"4\" data-bt-override-class=\"{}\"><div class=\"bt_bb_column_content\"><div data-bb-version=\"4.5.5\" class=\"bt_bb_service bt_bb_footer_service bt_bb_color_scheme_3 bt_bb_style_borderless bt_bb_size_large bt_bb_shape_circle bt_bb_target_self bt_bb_align_inherit\" style=\"; --primary-color:#78cfcd; --secondary-color:#191919;\" data-bt-override-class=\"{&quot;bt_bb_size_&quot;:{&quot;current_class&quot;:&quot;bt_bb_size_large&quot;,&quot;def&quot;:&quot;large&quot;},&quot;bt_bb_align_&quot;:{&quot;current_class&quot;:&quot;bt_bb_align_inherit&quot;,&quot;def&quot;:&quot;inherit&quot;}}\"><a href=\"#\"  target=\"_self\"  title=\"Notre adresse\"  data-ico-essential=\"&#xea06;\" class=\"bt_bb_icon_holder\"><\/a><div class=\"bt_bb_service_content\"><div class=\"bt_bb_service_content_title\"><a href=\"#\" target=\"_self\" title=\"Notre adresse\">Notre adresse<\/a><\/div><div class=\"bt_bb_service_content_text\">DUBAI<br \/><br \/>\nB\u00e2timent Pinnacle<br \/><br \/>\n887, Sheikh Zayed Road<br \/><br \/>\nAl Barsha 1, Hadaeq Mohammed Bin Rashid, Duba\u00ef<\/div><\/div><\/div><div class=\"bt_bb_separator bt_bb_border_style_solid bt_bb_top_spacing_normal bt_bb_bottom_spacing_normal\" data-bt-override-class=\"null\"><\/div><div data-bb-version=\"4.5.5\" class=\"bt_bb_service bt_bb_color_scheme_3 bt_bb_style_borderless bt_bb_size_large bt_bb_shape_circle bt_bb_target_self bt_bb_align_inherit\" style=\"; --primary-color:#78cfcd; --secondary-color:#191919;\" data-bt-override-class=\"{&quot;bt_bb_size_&quot;:{&quot;current_class&quot;:&quot;bt_bb_size_large&quot;,&quot;def&quot;:&quot;large&quot;},&quot;bt_bb_align_&quot;:{&quot;current_class&quot;:&quot;bt_bb_align_inherit&quot;,&quot;def&quot;:&quot;inherit&quot;}}\"><a href=\"#\"  target=\"_self\"  title=\"Appelez-nous\"  data-ico-helpandsupport=\"&#xe910;\" class=\"bt_bb_icon_holder\"><\/a><div class=\"bt_bb_service_content\"><div class=\"bt_bb_service_content_title\"><a href=\"#\" target=\"_self\" title=\"Appelez-nous\">Appelez-nous<\/a><\/div><div class=\"bt_bb_service_content_text\">+234 700 7483 9235<\/div><\/div><\/div><div class=\"bt_bb_separator bt_bb_border_style_solid bt_bb_top_spacing_normal bt_bb_bottom_spacing_normal\" data-bt-override-class=\"null\"><\/div><div data-bb-version=\"4.5.6\" class=\"bt_bb_service bt_bb_footer_service bt_bb_color_scheme_4 bt_bb_style_borderless bt_bb_size_large bt_bb_shape_circle bt_bb_target_self bt_bb_align_inherit\" style=\"; --primary-color:#78cfcd; --secondary-color:#ffffff;\" data-bt-override-class=\"{&quot;bt_bb_size_&quot;:{&quot;current_class&quot;:&quot;bt_bb_size_large&quot;,&quot;def&quot;:&quot;large&quot;},&quot;bt_bb_align_&quot;:{&quot;current_class&quot;:&quot;bt_bb_align_inherit&quot;,&quot;def&quot;:&quot;inherit&quot;}}\"><a href=\"#\"  target=\"_self\"  title=\"Envoyez-nous un courriel\"  data-ico-essential=\"&#xe956;\" class=\"bt_bb_icon_holder\"><\/a><div class=\"bt_bb_service_content\"><div class=\"bt_bb_service_content_title\"><a href=\"#\" target=\"_self\" title=\"Envoyez-nous un courriel\">Envoyez-nous un courriel<\/a><\/div><div class=\"bt_bb_service_content_text\">request@rivexcel.com<\/div><\/div><\/div><div class=\"bt_bb_separator bt_bb_border_style_solid bt_bb_top_spacing_normal bt_bb_bottom_spacing_normal\" data-bt-override-class=\"null\"><\/div><\/div><\/div><\/div><\/div><\/div><!-- cell_inner --><\/div><!-- cell --><\/div><!-- port --><\/section><\/p>\n","protected":false},"excerpt":{"rendered":"<p>Il a envisag\u00e9 de mani\u00e8re proactive des strat\u00e9gies de croissance bas\u00e9es sur l&#8217;expertise multim\u00e9dia et le cross-m\u00e9dia. Visualiser en toute transparence un capital intellectuel de qualit\u00e9 sans une collaboration et un partage d&#8217;id\u00e9es sup\u00e9rieurs. Pontifier de mani\u00e8re holistique les portails de la base install\u00e9e apr\u00e8s les produits maintenables.<\/p>\n","protected":false},"author":1,"featured_media":2046,"parent":2174,"menu_order":0,"comment_status":"closed","ping_status":"closed","template":"","meta":{"_joinchat":[],"footnotes":""},"class_list":["post-2463","page","type-page","status-publish","has-post-thumbnail","hentry"],"yoast_head":"<!-- This site is optimized with the Yoast SEO plugin v27.5 - https:\/\/yoast.com\/product\/yoast-seo-wordpress\/ -->\n<title>Prendre un rendez-vous - RivExcel Health<\/title>\n<meta name=\"robots\" content=\"index, follow, max-snippet:-1, max-image-preview:large, max-video-preview:-1\" \/>\n<link rel=\"canonical\" href=\"https:\/\/health.rivexcelgroup.com\/fr\/services\/prendre-un-rendez-vous-2\/\" \/>\n<meta property=\"og:locale\" content=\"fr_FR\" \/>\n<meta property=\"og:type\" content=\"article\" \/>\n<meta property=\"og:title\" content=\"Prendre un rendez-vous - RivExcel Health\" \/>\n<meta property=\"og:description\" content=\"Il a envisag\u00e9 de mani\u00e8re proactive des strat\u00e9gies de croissance bas\u00e9es sur l&#039;expertise multim\u00e9dia et le cross-m\u00e9dia. Visualiser en toute transparence un capital intellectuel de qualit\u00e9 sans une collaboration et un partage d&#039;id\u00e9es sup\u00e9rieurs. Pontifier de mani\u00e8re holistique les portails de la base install\u00e9e apr\u00e8s les produits maintenables.\" \/>\n<meta property=\"og:url\" content=\"https:\/\/health.rivexcelgroup.com\/fr\/services\/prendre-un-rendez-vous-2\/\" \/>\n<meta property=\"og:site_name\" content=\"RivExcel Health\" \/>\n<meta property=\"article:modified_time\" content=\"2023-06-05T19:58:36+00:00\" \/>\n<meta property=\"og:image\" content=\"https:\/\/health.rivexcelgroup.com\/wp-content\/uploads\/2020\/01\/portfolio_06.jpg\" \/>\n\t<meta property=\"og:image:width\" content=\"1920\" \/>\n\t<meta property=\"og:image:height\" content=\"1280\" \/>\n\t<meta property=\"og:image:type\" content=\"image\/jpeg\" \/>\n<meta name=\"twitter:card\" content=\"summary_large_image\" \/>\n<meta name=\"twitter:label1\" content=\"Est. reading time\" \/>\n\t<meta name=\"twitter:data1\" content=\"6 minutes\" \/>\n<script type=\"application\/ld+json\" class=\"yoast-schema-graph\">{\"@context\":\"https:\\\/\\\/schema.org\",\"@graph\":[{\"@type\":\"WebPage\",\"@id\":\"https:\\\/\\\/health.rivexcelgroup.com\\\/fr\\\/services\\\/prendre-un-rendez-vous-2\\\/\",\"url\":\"https:\\\/\\\/health.rivexcelgroup.com\\\/fr\\\/services\\\/prendre-un-rendez-vous-2\\\/\",\"name\":\"Prendre un rendez-vous - RivExcel Health\",\"isPartOf\":{\"@id\":\"https:\\\/\\\/health.rivexcelgroup.com\\\/fr\\\/#website\"},\"primaryImageOfPage\":{\"@id\":\"https:\\\/\\\/health.rivexcelgroup.com\\\/fr\\\/services\\\/prendre-un-rendez-vous-2\\\/#primaryimage\"},\"image\":{\"@id\":\"https:\\\/\\\/health.rivexcelgroup.com\\\/fr\\\/services\\\/prendre-un-rendez-vous-2\\\/#primaryimage\"},\"thumbnailUrl\":\"https:\\\/\\\/health.rivexcelgroup.com\\\/wp-content\\\/uploads\\\/2020\\\/01\\\/portfolio_06.jpg\",\"datePublished\":\"2019-12-30T11:37:04+00:00\",\"dateModified\":\"2023-06-05T19:58:36+00:00\",\"breadcrumb\":{\"@id\":\"https:\\\/\\\/health.rivexcelgroup.com\\\/fr\\\/services\\\/prendre-un-rendez-vous-2\\\/#breadcrumb\"},\"inLanguage\":\"fr-FR\",\"potentialAction\":[{\"@type\":\"ReadAction\",\"target\":[\"https:\\\/\\\/health.rivexcelgroup.com\\\/fr\\\/services\\\/prendre-un-rendez-vous-2\\\/\"]}]},{\"@type\":\"ImageObject\",\"inLanguage\":\"fr-FR\",\"@id\":\"https:\\\/\\\/health.rivexcelgroup.com\\\/fr\\\/services\\\/prendre-un-rendez-vous-2\\\/#primaryimage\",\"url\":\"https:\\\/\\\/health.rivexcelgroup.com\\\/wp-content\\\/uploads\\\/2020\\\/01\\\/portfolio_06.jpg\",\"contentUrl\":\"https:\\\/\\\/health.rivexcelgroup.com\\\/wp-content\\\/uploads\\\/2020\\\/01\\\/portfolio_06.jpg\",\"width\":1920,\"height\":1280},{\"@type\":\"BreadcrumbList\",\"@id\":\"https:\\\/\\\/health.rivexcelgroup.com\\\/fr\\\/services\\\/prendre-un-rendez-vous-2\\\/#breadcrumb\",\"itemListElement\":[{\"@type\":\"ListItem\",\"position\":1,\"name\":\"Home\",\"item\":\"https:\\\/\\\/health.rivexcelgroup.com\\\/fr\\\/\"},{\"@type\":\"ListItem\",\"position\":2,\"name\":\"Services\",\"item\":\"https:\\\/\\\/health.rivexcelgroup.com\\\/fr\\\/services\\\/\"},{\"@type\":\"ListItem\",\"position\":3,\"name\":\"Prendre un rendez-vous\"}]},{\"@type\":\"WebSite\",\"@id\":\"https:\\\/\\\/health.rivexcelgroup.com\\\/fr\\\/#website\",\"url\":\"https:\\\/\\\/health.rivexcelgroup.com\\\/fr\\\/\",\"name\":\"RivExcel Health\",\"description\":\"Your Health, Our Priority\",\"potentialAction\":[{\"@type\":\"SearchAction\",\"target\":{\"@type\":\"EntryPoint\",\"urlTemplate\":\"https:\\\/\\\/health.rivexcelgroup.com\\\/fr\\\/?s={search_term_string}\"},\"query-input\":{\"@type\":\"PropertyValueSpecification\",\"valueRequired\":true,\"valueName\":\"search_term_string\"}}],\"inLanguage\":\"fr-FR\"}]}<\/script>\n<!-- \/ Yoast SEO plugin. -->","yoast_head_json":{"title":"Prendre un rendez-vous - RivExcel Health","robots":{"index":"index","follow":"follow","max-snippet":"max-snippet:-1","max-image-preview":"max-image-preview:large","max-video-preview":"max-video-preview:-1"},"canonical":"https:\/\/health.rivexcelgroup.com\/fr\/services\/prendre-un-rendez-vous-2\/","og_locale":"fr_FR","og_type":"article","og_title":"Prendre un rendez-vous - RivExcel Health","og_description":"Il a envisag\u00e9 de mani\u00e8re proactive des strat\u00e9gies de croissance bas\u00e9es sur l'expertise multim\u00e9dia et le cross-m\u00e9dia. Visualiser en toute transparence un capital intellectuel de qualit\u00e9 sans une collaboration et un partage d'id\u00e9es sup\u00e9rieurs. Pontifier de mani\u00e8re holistique les portails de la base install\u00e9e apr\u00e8s les produits maintenables.","og_url":"https:\/\/health.rivexcelgroup.com\/fr\/services\/prendre-un-rendez-vous-2\/","og_site_name":"RivExcel Health","article_modified_time":"2023-06-05T19:58:36+00:00","og_image":[{"width":1920,"height":1280,"url":"https:\/\/health.rivexcelgroup.com\/wp-content\/uploads\/2020\/01\/portfolio_06.jpg","type":"image\/jpeg"}],"twitter_card":"summary_large_image","twitter_misc":{"Est. reading time":"6 minutes"},"schema":{"@context":"https:\/\/schema.org","@graph":[{"@type":"WebPage","@id":"https:\/\/health.rivexcelgroup.com\/fr\/services\/prendre-un-rendez-vous-2\/","url":"https:\/\/health.rivexcelgroup.com\/fr\/services\/prendre-un-rendez-vous-2\/","name":"Prendre un rendez-vous - RivExcel Health","isPartOf":{"@id":"https:\/\/health.rivexcelgroup.com\/fr\/#website"},"primaryImageOfPage":{"@id":"https:\/\/health.rivexcelgroup.com\/fr\/services\/prendre-un-rendez-vous-2\/#primaryimage"},"image":{"@id":"https:\/\/health.rivexcelgroup.com\/fr\/services\/prendre-un-rendez-vous-2\/#primaryimage"},"thumbnailUrl":"https:\/\/health.rivexcelgroup.com\/wp-content\/uploads\/2020\/01\/portfolio_06.jpg","datePublished":"2019-12-30T11:37:04+00:00","dateModified":"2023-06-05T19:58:36+00:00","breadcrumb":{"@id":"https:\/\/health.rivexcelgroup.com\/fr\/services\/prendre-un-rendez-vous-2\/#breadcrumb"},"inLanguage":"fr-FR","potentialAction":[{"@type":"ReadAction","target":["https:\/\/health.rivexcelgroup.com\/fr\/services\/prendre-un-rendez-vous-2\/"]}]},{"@type":"ImageObject","inLanguage":"fr-FR","@id":"https:\/\/health.rivexcelgroup.com\/fr\/services\/prendre-un-rendez-vous-2\/#primaryimage","url":"https:\/\/health.rivexcelgroup.com\/wp-content\/uploads\/2020\/01\/portfolio_06.jpg","contentUrl":"https:\/\/health.rivexcelgroup.com\/wp-content\/uploads\/2020\/01\/portfolio_06.jpg","width":1920,"height":1280},{"@type":"BreadcrumbList","@id":"https:\/\/health.rivexcelgroup.com\/fr\/services\/prendre-un-rendez-vous-2\/#breadcrumb","itemListElement":[{"@type":"ListItem","position":1,"name":"Home","item":"https:\/\/health.rivexcelgroup.com\/fr\/"},{"@type":"ListItem","position":2,"name":"Services","item":"https:\/\/health.rivexcelgroup.com\/fr\/services\/"},{"@type":"ListItem","position":3,"name":"Prendre un rendez-vous"}]},{"@type":"WebSite","@id":"https:\/\/health.rivexcelgroup.com\/fr\/#website","url":"https:\/\/health.rivexcelgroup.com\/fr\/","name":"RivExcel Health","description":"Your Health, Our Priority","potentialAction":[{"@type":"SearchAction","target":{"@type":"EntryPoint","urlTemplate":"https:\/\/health.rivexcelgroup.com\/fr\/?s={search_term_string}"},"query-input":{"@type":"PropertyValueSpecification","valueRequired":true,"valueName":"search_term_string"}}],"inLanguage":"fr-FR"}]}},"_links":{"self":[{"href":"https:\/\/health.rivexcelgroup.com\/fr\/wp-json\/wp\/v2\/pages\/2463","targetHints":{"allow":["GET"]}}],"collection":[{"href":"https:\/\/health.rivexcelgroup.com\/fr\/wp-json\/wp\/v2\/pages"}],"about":[{"href":"https:\/\/health.rivexcelgroup.com\/fr\/wp-json\/wp\/v2\/types\/page"}],"author":[{"embeddable":true,"href":"https:\/\/health.rivexcelgroup.com\/fr\/wp-json\/wp\/v2\/users\/1"}],"replies":[{"embeddable":true,"href":"https:\/\/health.rivexcelgroup.com\/fr\/wp-json\/wp\/v2\/comments?post=2463"}],"version-history":[{"count":2,"href":"https:\/\/health.rivexcelgroup.com\/fr\/wp-json\/wp\/v2\/pages\/2463\/revisions"}],"predecessor-version":[{"id":2465,"href":"https:\/\/health.rivexcelgroup.com\/fr\/wp-json\/wp\/v2\/pages\/2463\/revisions\/2465"}],"up":[{"embeddable":true,"href":"https:\/\/health.rivexcelgroup.com\/fr\/wp-json\/wp\/v2\/pages\/2174"}],"wp:featuredmedia":[{"embeddable":true,"href":"https:\/\/health.rivexcelgroup.com\/fr\/wp-json\/wp\/v2\/media\/2046"}],"wp:attachment":[{"href":"https:\/\/health.rivexcelgroup.com\/fr\/wp-json\/wp\/v2\/media?parent=2463"}],"curies":[{"name":"wp","href":"https:\/\/api.w.org\/{rel}","templated":true}]}}