{"id":2489,"date":"2019-12-30T13:00:08","date_gmt":"2019-12-30T13:00:08","guid":{"rendered":"https:\/\/health.rivexcel.com\/nouvelles\/grille-dactualites-a-trois-colonnes\/"},"modified":"2019-12-30T13:00:08","modified_gmt":"2019-12-30T13:00:08","slug":"grille-dactualites-a-trois-colonnes","status":"publish","type":"page","link":"https:\/\/health.rivexcelgroup.com\/fr\/nouvelles\/grille-dactualites-a-trois-colonnes\/","title":{"rendered":"Grille d&#8217;actualit\u00e9s \u00e0 trois colonnes"},"content":{"rendered":"<section id=\"bt_bb_section69f6dfdf93342\" class=\"bt_bb_section bt_bb_layout_boxed_1200 bt_bb_vertical_align_top bt_bb_top_spacing_medium bt_bb_bottom_spacing_medium\"  data-bt-override-class=\"null\"><div class=\"bt_bb_port\"><div class=\"bt_bb_cell\"><div class=\"bt_bb_cell_inner\"><div class=\"bt_bb_row \"  data-bt-override-class=\"{}\"><div class=\"bt_bb_row_holder\" ><div  class=\"bt_bb_column col-xxl-12 col-xl-12 bt_bb_vertical_align_top bt_bb_align_left bt_bb_padding_normal\"  data-width=\"12\" data-bt-override-class=\"{}\"><div class=\"bt_bb_column_content\"><div class=\"bt_bb_masonry_post_grid bt_bb_grid_container bt_bb_columns_3 bt_bb_gap_normal bt_bb_look_image_above bt_bb_date_design_round\" data-columns=\"3\"><div class=\"bt_bb_post_grid_filter\"><span class=\"bt_bb_masonry_post_grid_filter_item bt_bb_post_grid_filter_item active\" data-category=\"\">All<\/span><span class=\"bt_bb_masonry_post_grid_filter_item bt_bb_post_grid_filter_item\" data-category=\"hopitaux\">H\u00f4pitaux<\/span><span class=\"bt_bb_masonry_post_grid_filter_item bt_bb_post_grid_filter_item\" data-category=\"sante\">Sant\u00e9<\/span><\/div><div class=\"bt_bb_masonry_post_post_grid_content bt_bb_masonry_post_grid_content bt_bb_grid_hide\" data-bt-nonce=\"5e3901757e\" data-number=\"1000\" data-category=\"\" data-show=\"a%3A7%3A%7Bs%3A8%3A%22category%22%3Bb%3A0%3Bs%3A4%3A%22date%22%3Bb%3A1%3Bs%3A6%3A%22author%22%3Bb%3A0%3Bs%3A8%3A%22comments%22%3Bb%3A0%3Bs%3A7%3A%22excerpt%22%3Bb%3A1%3Bs%3A5%3A%22share%22%3Bb%3A1%3Bs%3A9%3A%22read_more%22%3Bb%3A0%3B%7D\" data-auto-loading=\"auto_loading\" data-date-design=\"round\"  data-target=\"_self\"><div class=\"bt_bb_grid_sizer\"><\/div><\/div><div class=\"bt_bb_post_grid_loader\"><span class=\"box1\"><\/span><span class=\"box2\"><\/span><span class=\"box3\"><\/span><span class=\"box4\"><\/span><span class=\"box5\"><\/span><\/div><\/div><\/div><\/div><\/div><\/div><\/div><!-- cell_inner --><\/div><!-- cell --><\/div><!-- port --><\/section>\n","protected":false},"excerpt":{"rendered":"<p>Remettre \u00e0 plus tard de mani\u00e8re interactive le contenu \u00e0 forte valeur ajout\u00e9e sans donn\u00e9es r\u00e9trocompatibles. Cultiver rapidement des processus optimaux et des architectures tactiques. Informer compl\u00e8tement sur les th\u00e8mes strat\u00e9giques covalents par le biais de march\u00e9s \u00e9lectroniques pr\u00e9cis.<\/p>\n","protected":false},"author":1,"featured_media":2020,"parent":2443,"menu_order":0,"comment_status":"closed","ping_status":"closed","template":"","meta":{"_joinchat":[],"footnotes":""},"class_list":["post-2489","page","type-page","status-publish","has-post-thumbnail","hentry"],"yoast_head":"<!-- This site is optimized with the Yoast SEO plugin v27.5 - https:\/\/yoast.com\/product\/yoast-seo-wordpress\/ -->\n<title>Grille d&#039;actualit\u00e9s \u00e0 trois colonnes - RivExcel Health<\/title>\n<meta name=\"robots\" content=\"index, follow, max-snippet:-1, max-image-preview:large, max-video-preview:-1\" \/>\n<link rel=\"canonical\" href=\"https:\/\/health.rivexcelgroup.com\/fr\/nouvelles\/grille-dactualites-a-trois-colonnes\/\" \/>\n<meta property=\"og:locale\" content=\"fr_FR\" \/>\n<meta property=\"og:type\" content=\"article\" \/>\n<meta property=\"og:title\" content=\"Grille d&#039;actualit\u00e9s \u00e0 trois colonnes - RivExcel Health\" \/>\n<meta property=\"og:description\" content=\"Remettre \u00e0 plus tard de mani\u00e8re interactive le contenu \u00e0 forte valeur ajout\u00e9e sans donn\u00e9es r\u00e9trocompatibles. Cultiver rapidement des processus optimaux et des architectures tactiques. Informer compl\u00e8tement sur les th\u00e8mes strat\u00e9giques covalents par le biais de march\u00e9s \u00e9lectroniques pr\u00e9cis.\" \/>\n<meta property=\"og:url\" content=\"https:\/\/health.rivexcelgroup.com\/fr\/nouvelles\/grille-dactualites-a-trois-colonnes\/\" \/>\n<meta property=\"og:site_name\" content=\"RivExcel Health\" \/>\n<meta property=\"og:image\" content=\"https:\/\/health.rivexcelgroup.com\/wp-content\/uploads\/2020\/01\/post_03.jpg\" \/>\n\t<meta property=\"og:image:width\" content=\"1920\" \/>\n\t<meta property=\"og:image:height\" content=\"1200\" \/>\n\t<meta property=\"og:image:type\" content=\"image\/jpeg\" \/>\n<meta name=\"twitter:card\" content=\"summary_large_image\" \/>\n<meta name=\"twitter:label1\" content=\"Est. reading time\" \/>\n\t<meta name=\"twitter:data1\" content=\"1 minute\" \/>\n<script type=\"application\/ld+json\" class=\"yoast-schema-graph\">{\"@context\":\"https:\\\/\\\/schema.org\",\"@graph\":[{\"@type\":\"WebPage\",\"@id\":\"https:\\\/\\\/health.rivexcelgroup.com\\\/fr\\\/nouvelles\\\/grille-dactualites-a-trois-colonnes\\\/\",\"url\":\"https:\\\/\\\/health.rivexcelgroup.com\\\/fr\\\/nouvelles\\\/grille-dactualites-a-trois-colonnes\\\/\",\"name\":\"Grille d'actualit\u00e9s \u00e0 trois colonnes - RivExcel Health\",\"isPartOf\":{\"@id\":\"https:\\\/\\\/health.rivexcelgroup.com\\\/fr\\\/#website\"},\"primaryImageOfPage\":{\"@id\":\"https:\\\/\\\/health.rivexcelgroup.com\\\/fr\\\/nouvelles\\\/grille-dactualites-a-trois-colonnes\\\/#primaryimage\"},\"image\":{\"@id\":\"https:\\\/\\\/health.rivexcelgroup.com\\\/fr\\\/nouvelles\\\/grille-dactualites-a-trois-colonnes\\\/#primaryimage\"},\"thumbnailUrl\":\"https:\\\/\\\/health.rivexcelgroup.com\\\/wp-content\\\/uploads\\\/2020\\\/01\\\/post_03.jpg\",\"datePublished\":\"2019-12-30T13:00:08+00:00\",\"breadcrumb\":{\"@id\":\"https:\\\/\\\/health.rivexcelgroup.com\\\/fr\\\/nouvelles\\\/grille-dactualites-a-trois-colonnes\\\/#breadcrumb\"},\"inLanguage\":\"fr-FR\",\"potentialAction\":[{\"@type\":\"ReadAction\",\"target\":[\"https:\\\/\\\/health.rivexcelgroup.com\\\/fr\\\/nouvelles\\\/grille-dactualites-a-trois-colonnes\\\/\"]}]},{\"@type\":\"ImageObject\",\"inLanguage\":\"fr-FR\",\"@id\":\"https:\\\/\\\/health.rivexcelgroup.com\\\/fr\\\/nouvelles\\\/grille-dactualites-a-trois-colonnes\\\/#primaryimage\",\"url\":\"https:\\\/\\\/health.rivexcelgroup.com\\\/wp-content\\\/uploads\\\/2020\\\/01\\\/post_03.jpg\",\"contentUrl\":\"https:\\\/\\\/health.rivexcelgroup.com\\\/wp-content\\\/uploads\\\/2020\\\/01\\\/post_03.jpg\",\"width\":1920,\"height\":1200},{\"@type\":\"BreadcrumbList\",\"@id\":\"https:\\\/\\\/health.rivexcelgroup.com\\\/fr\\\/nouvelles\\\/grille-dactualites-a-trois-colonnes\\\/#breadcrumb\",\"itemListElement\":[{\"@type\":\"ListItem\",\"position\":1,\"name\":\"Home\",\"item\":\"https:\\\/\\\/health.rivexcelgroup.com\\\/fr\\\/\"},{\"@type\":\"ListItem\",\"position\":2,\"name\":\"Nouvelles\",\"item\":\"https:\\\/\\\/health.rivexcelgroup.com\\\/fr\\\/nouvelles\\\/\"},{\"@type\":\"ListItem\",\"position\":3,\"name\":\"Grille d&#8217;actualit\u00e9s \u00e0 trois colonnes\"}]},{\"@type\":\"WebSite\",\"@id\":\"https:\\\/\\\/health.rivexcelgroup.com\\\/fr\\\/#website\",\"url\":\"https:\\\/\\\/health.rivexcelgroup.com\\\/fr\\\/\",\"name\":\"RivExcel Health\",\"description\":\"Your Health, Our Priority\",\"potentialAction\":[{\"@type\":\"SearchAction\",\"target\":{\"@type\":\"EntryPoint\",\"urlTemplate\":\"https:\\\/\\\/health.rivexcelgroup.com\\\/fr\\\/?s={search_term_string}\"},\"query-input\":{\"@type\":\"PropertyValueSpecification\",\"valueRequired\":true,\"valueName\":\"search_term_string\"}}],\"inLanguage\":\"fr-FR\"}]}<\/script>\n<!-- \/ Yoast SEO plugin. -->","yoast_head_json":{"title":"Grille d'actualit\u00e9s \u00e0 trois colonnes - RivExcel Health","robots":{"index":"index","follow":"follow","max-snippet":"max-snippet:-1","max-image-preview":"max-image-preview:large","max-video-preview":"max-video-preview:-1"},"canonical":"https:\/\/health.rivexcelgroup.com\/fr\/nouvelles\/grille-dactualites-a-trois-colonnes\/","og_locale":"fr_FR","og_type":"article","og_title":"Grille d'actualit\u00e9s \u00e0 trois colonnes - RivExcel Health","og_description":"Remettre \u00e0 plus tard de mani\u00e8re interactive le contenu \u00e0 forte valeur ajout\u00e9e sans donn\u00e9es r\u00e9trocompatibles. Cultiver rapidement des processus optimaux et des architectures tactiques. Informer compl\u00e8tement sur les th\u00e8mes strat\u00e9giques covalents par le biais de march\u00e9s \u00e9lectroniques pr\u00e9cis.","og_url":"https:\/\/health.rivexcelgroup.com\/fr\/nouvelles\/grille-dactualites-a-trois-colonnes\/","og_site_name":"RivExcel Health","og_image":[{"width":1920,"height":1200,"url":"https:\/\/health.rivexcelgroup.com\/wp-content\/uploads\/2020\/01\/post_03.jpg","type":"image\/jpeg"}],"twitter_card":"summary_large_image","twitter_misc":{"Est. reading time":"1 minute"},"schema":{"@context":"https:\/\/schema.org","@graph":[{"@type":"WebPage","@id":"https:\/\/health.rivexcelgroup.com\/fr\/nouvelles\/grille-dactualites-a-trois-colonnes\/","url":"https:\/\/health.rivexcelgroup.com\/fr\/nouvelles\/grille-dactualites-a-trois-colonnes\/","name":"Grille d'actualit\u00e9s \u00e0 trois colonnes - RivExcel Health","isPartOf":{"@id":"https:\/\/health.rivexcelgroup.com\/fr\/#website"},"primaryImageOfPage":{"@id":"https:\/\/health.rivexcelgroup.com\/fr\/nouvelles\/grille-dactualites-a-trois-colonnes\/#primaryimage"},"image":{"@id":"https:\/\/health.rivexcelgroup.com\/fr\/nouvelles\/grille-dactualites-a-trois-colonnes\/#primaryimage"},"thumbnailUrl":"https:\/\/health.rivexcelgroup.com\/wp-content\/uploads\/2020\/01\/post_03.jpg","datePublished":"2019-12-30T13:00:08+00:00","breadcrumb":{"@id":"https:\/\/health.rivexcelgroup.com\/fr\/nouvelles\/grille-dactualites-a-trois-colonnes\/#breadcrumb"},"inLanguage":"fr-FR","potentialAction":[{"@type":"ReadAction","target":["https:\/\/health.rivexcelgroup.com\/fr\/nouvelles\/grille-dactualites-a-trois-colonnes\/"]}]},{"@type":"ImageObject","inLanguage":"fr-FR","@id":"https:\/\/health.rivexcelgroup.com\/fr\/nouvelles\/grille-dactualites-a-trois-colonnes\/#primaryimage","url":"https:\/\/health.rivexcelgroup.com\/wp-content\/uploads\/2020\/01\/post_03.jpg","contentUrl":"https:\/\/health.rivexcelgroup.com\/wp-content\/uploads\/2020\/01\/post_03.jpg","width":1920,"height":1200},{"@type":"BreadcrumbList","@id":"https:\/\/health.rivexcelgroup.com\/fr\/nouvelles\/grille-dactualites-a-trois-colonnes\/#breadcrumb","itemListElement":[{"@type":"ListItem","position":1,"name":"Home","item":"https:\/\/health.rivexcelgroup.com\/fr\/"},{"@type":"ListItem","position":2,"name":"Nouvelles","item":"https:\/\/health.rivexcelgroup.com\/fr\/nouvelles\/"},{"@type":"ListItem","position":3,"name":"Grille d&#8217;actualit\u00e9s \u00e0 trois colonnes"}]},{"@type":"WebSite","@id":"https:\/\/health.rivexcelgroup.com\/fr\/#website","url":"https:\/\/health.rivexcelgroup.com\/fr\/","name":"RivExcel Health","description":"Your Health, Our Priority","potentialAction":[{"@type":"SearchAction","target":{"@type":"EntryPoint","urlTemplate":"https:\/\/health.rivexcelgroup.com\/fr\/?s={search_term_string}"},"query-input":{"@type":"PropertyValueSpecification","valueRequired":true,"valueName":"search_term_string"}}],"inLanguage":"fr-FR"}]}},"_links":{"self":[{"href":"https:\/\/health.rivexcelgroup.com\/fr\/wp-json\/wp\/v2\/pages\/2489","targetHints":{"allow":["GET"]}}],"collection":[{"href":"https:\/\/health.rivexcelgroup.com\/fr\/wp-json\/wp\/v2\/pages"}],"about":[{"href":"https:\/\/health.rivexcelgroup.com\/fr\/wp-json\/wp\/v2\/types\/page"}],"author":[{"embeddable":true,"href":"https:\/\/health.rivexcelgroup.com\/fr\/wp-json\/wp\/v2\/users\/1"}],"replies":[{"embeddable":true,"href":"https:\/\/health.rivexcelgroup.com\/fr\/wp-json\/wp\/v2\/comments?post=2489"}],"version-history":[{"count":0,"href":"https:\/\/health.rivexcelgroup.com\/fr\/wp-json\/wp\/v2\/pages\/2489\/revisions"}],"up":[{"embeddable":true,"href":"https:\/\/health.rivexcelgroup.com\/fr\/wp-json\/wp\/v2\/pages\/2443"}],"wp:featuredmedia":[{"embeddable":true,"href":"https:\/\/health.rivexcelgroup.com\/fr\/wp-json\/wp\/v2\/media\/2020"}],"wp:attachment":[{"href":"https:\/\/health.rivexcelgroup.com\/fr\/wp-json\/wp\/v2\/media?parent=2489"}],"curies":[{"name":"wp","href":"https:\/\/api.w.org\/{rel}","templated":true}]}}